{"id":375,"date":"2025-11-14T15:06:32","date_gmt":"2025-11-14T15:06:32","guid":{"rendered":"https:\/\/abi.netmanage-dev.ch\/?page_id=375"},"modified":"2025-12-12T08:54:59","modified_gmt":"2025-12-12T08:54:59","slug":"fondation-perroulaz","status":"publish","type":"page","link":"https:\/\/abbayedesmacons.netmanage-dev.ch\/?page_id=375","title":{"rendered":"Fondation Perroulaz"},"content":{"rendered":"\t\t<div data-elementor-type=\"wp-page\" data-elementor-id=\"375\" class=\"elementor elementor-375\" data-elementor-post-type=\"page\">\n\t\t\t\t<div class=\"elementor-element elementor-element-1dc23210 e-flex e-con-boxed e-con e-parent\" data-id=\"1dc23210\" data-element_type=\"container\" data-e-type=\"container\" data-settings=\"{&quot;background_background&quot;:&quot;classic&quot;}\">\n\t\t\t\t\t<div class=\"e-con-inner\">\n\t\t\t\t<div class=\"elementor-element elementor-element-50cb95d2 elementor-widget elementor-widget-spacer\" data-id=\"50cb95d2\" data-element_type=\"widget\" data-e-type=\"widget\" data-widget_type=\"spacer.default\">\n\t\t\t\t<div class=\"elementor-widget-container\">\n\t\t\t\t\t\t\t<div class=\"elementor-spacer\">\n\t\t\t<div class=\"elementor-spacer-inner\"><\/div>\n\t\t<\/div>\n\t\t\t\t\t\t<\/div>\n\t\t\t\t<\/div>\n\t\t\t\t<div class=\"elementor-element elementor-element-5f36b2fd elementor-widget elementor-widget-image\" data-id=\"5f36b2fd\" data-element_type=\"widget\" data-e-type=\"widget\" data-widget_type=\"image.default\">\n\t\t\t\t<div class=\"elementor-widget-container\">\n\t\t\t\t\t\t\t\t\t\t\t\t\t\t\t<img fetchpriority=\"high\" decoding=\"async\" width=\"999\" height=\"775\" src=\"https:\/\/abbayedesmacons.netmanage-dev.ch\/wp-content\/uploads\/2025\/02\/Abbaye_des_Macons_60_noir.png\" class=\"attachment-full size-full wp-image-265\" alt=\"\" srcset=\"https:\/\/abbayedesmacons.netmanage-dev.ch\/wp-content\/uploads\/2025\/02\/Abbaye_des_Macons_60_noir.png 999w, https:\/\/abbayedesmacons.netmanage-dev.ch\/wp-content\/uploads\/2025\/02\/Abbaye_des_Macons_60_noir-300x233.png 300w, https:\/\/abbayedesmacons.netmanage-dev.ch\/wp-content\/uploads\/2025\/02\/Abbaye_des_Macons_60_noir-768x596.png 768w\" sizes=\"(max-width: 999px) 100vw, 999px\" \/>\t\t\t\t\t\t\t\t\t\t\t\t\t\t\t<\/div>\n\t\t\t\t<\/div>\n\t\t\t\t\t<\/div>\n\t\t\t\t<\/div>\n\t\t<div class=\"elementor-element elementor-element-10219bd e-flex e-con-boxed e-con e-parent\" data-id=\"10219bd\" data-element_type=\"container\" data-e-type=\"container\" data-settings=\"{&quot;background_background&quot;:&quot;classic&quot;}\">\n\t\t\t\t\t<div class=\"e-con-inner\">\n\t\t<div class=\"elementor-element elementor-element-724eee9 e-con-full e-flex e-con e-child\" data-id=\"724eee9\" data-element_type=\"container\" data-e-type=\"container\" data-settings=\"{&quot;background_background&quot;:&quot;classic&quot;}\">\n\t\t\t\t<div class=\"elementor-element elementor-element-42bb004 elementor-widget elementor-widget-heading\" data-id=\"42bb004\" data-element_type=\"widget\" data-e-type=\"widget\" data-widget_type=\"heading.default\">\n\t\t\t\t<div class=\"elementor-widget-container\">\n\t\t\t\t\t<h2 class=\"elementor-heading-title elementor-size-default\">Fondation Perroulaz<\/h2>\t\t\t\t<\/div>\n\t\t\t\t<\/div>\n\t\t\t\t<div class=\"elementor-element elementor-element-f2a02f8 elementor-invisible elementor-widget elementor-widget-text-editor\" data-id=\"f2a02f8\" data-element_type=\"widget\" data-e-type=\"widget\" data-settings=\"{&quot;_animation&quot;:&quot;fadeIn&quot;,&quot;_animation_delay&quot;:200}\" data-widget_type=\"text-editor.default\">\n\t\t\t\t<div class=\"elementor-widget-container\">\n\t\t\t\t\t\t\t\t\t<p>La fondation Peroullaz est une institution sociale et caritative de l\u2019Abbaye des Ma\u00e7ons. Cr\u00e9\u00e9e en 1874 sur l\u2019impulsion du chanoine Etienne Peroullaz, elle soutient la formation des jeunes et les aide dans leur cursus professionnel.<\/p>\t\t\t\t\t\t\t\t<\/div>\n\t\t\t\t<\/div>\n\t\t\t\t<\/div>\n\t\t\t\t\t<\/div>\n\t\t\t\t<\/div>\n\t\t<div class=\"elementor-element elementor-element-d47ecbe e-flex e-con-boxed e-con e-parent\" data-id=\"d47ecbe\" data-element_type=\"container\" data-e-type=\"container\">\n\t\t\t\t\t<div class=\"e-con-inner\">\n\t\t<div class=\"elementor-element elementor-element-aca192b e-flex e-con-boxed e-con e-child\" data-id=\"aca192b\" data-element_type=\"container\" data-e-type=\"container\">\n\t\t\t\t\t<div class=\"e-con-inner\">\n\t\t\t\t<div class=\"elementor-element elementor-element-504f625 elementor-widget elementor-widget-spacer\" data-id=\"504f625\" data-element_type=\"widget\" data-e-type=\"widget\" data-widget_type=\"spacer.default\">\n\t\t\t\t<div class=\"elementor-widget-container\">\n\t\t\t\t\t\t\t<div class=\"elementor-spacer\">\n\t\t\t<div class=\"elementor-spacer-inner\"><\/div>\n\t\t<\/div>\n\t\t\t\t\t\t<\/div>\n\t\t\t\t<\/div>\n\t\t\t\t<div class=\"elementor-element elementor-element-5504d75 animated-slow elementor-invisible elementor-widget elementor-widget-heading\" data-id=\"5504d75\" data-element_type=\"widget\" data-e-type=\"widget\" data-settings=\"{&quot;_animation&quot;:&quot;fadeIn&quot;}\" data-widget_type=\"heading.default\">\n\t\t\t\t<div class=\"elementor-widget-container\">\n\t\t\t\t\t<h1 class=\"elementor-heading-title elementor-size-default\">Missions<\/h1>\t\t\t\t<\/div>\n\t\t\t\t<\/div>\n\t\t\t\t<div class=\"elementor-element elementor-element-ad3c5f5 elementor-widget-divider--view-line elementor-widget elementor-widget-divider\" data-id=\"ad3c5f5\" data-element_type=\"widget\" data-e-type=\"widget\" data-widget_type=\"divider.default\">\n\t\t\t\t<div class=\"elementor-widget-container\">\n\t\t\t\t\t\t\t<div class=\"elementor-divider\">\n\t\t\t<span class=\"elementor-divider-separator\">\n\t\t\t\t\t\t<\/span>\n\t\t<\/div>\n\t\t\t\t\t\t<\/div>\n\t\t\t\t<\/div>\n\t\t\t\t<div class=\"elementor-element elementor-element-d4c00a2 elementor-invisible elementor-widget elementor-widget-text-editor\" data-id=\"d4c00a2\" data-element_type=\"widget\" data-e-type=\"widget\" data-settings=\"{&quot;_animation&quot;:&quot;fadeIn&quot;,&quot;_animation_delay&quot;:200}\" data-widget_type=\"text-editor.default\">\n\t\t\t\t<div class=\"elementor-widget-container\">\n\t\t\t\t\t\t\t\t\t<p>Chaque ann\u00e9e, la fondation Peroullaz distribue une bourse \u00e0 une personne en formation.<\/p><p>Les crit\u00e8res d\u2019\u00e9ligibilit\u00e9 incluent le m\u00e9rite et la pers\u00e9v\u00e9rance du candidat ainsi que la reconnaissance d\u2019un effort ou d\u2019un besoin particulier.<\/p>\t\t\t\t\t\t\t\t<\/div>\n\t\t\t\t<\/div>\n\t\t\t\t\t<\/div>\n\t\t\t\t<\/div>\n\t\t\t\t\t<\/div>\n\t\t\t\t<\/div>\n\t\t<div class=\"elementor-element elementor-element-8a8b075 e-flex e-con-boxed e-con e-parent\" data-id=\"8a8b075\" data-element_type=\"container\" data-e-type=\"container\">\n\t\t\t\t\t<div class=\"e-con-inner\">\n\t\t\t\t<div class=\"elementor-element elementor-element-46b07ea elementor-widget elementor-widget-spacer\" data-id=\"46b07ea\" data-element_type=\"widget\" data-e-type=\"widget\" data-widget_type=\"spacer.default\">\n\t\t\t\t<div class=\"elementor-widget-container\">\n\t\t\t\t\t\t\t<div class=\"elementor-spacer\">\n\t\t\t<div class=\"elementor-spacer-inner\"><\/div>\n\t\t<\/div>\n\t\t\t\t\t\t<\/div>\n\t\t\t\t<\/div>\n\t\t\t\t\t<\/div>\n\t\t\t\t<\/div>\n\t\t\t\t<\/div>\n\t\t","protected":false},"excerpt":{"rendered":"<p>Fondation Perroulaz La fondation Peroullaz est une institution sociale et caritative de l\u2019Abbaye des Ma\u00e7ons. Cr\u00e9\u00e9e en 1874 sur l\u2019impulsion du chanoine Etienne Peroullaz, elle soutient la formation des jeunes et les aide dans leur cursus professionnel. Missions Chaque ann\u00e9e, la fondation Peroullaz distribue une bourse \u00e0 une personne en formation. Les crit\u00e8res d\u2019\u00e9ligibilit\u00e9 incluent [&hellip;]<\/p>\n","protected":false},"author":2,"featured_media":0,"parent":0,"menu_order":0,"comment_status":"closed","ping_status":"closed","template":"","meta":{"footnotes":""},"class_list":["post-375","page","type-page","status-publish","hentry"],"_links":{"self":[{"href":"https:\/\/abbayedesmacons.netmanage-dev.ch\/index.php?rest_route=\/wp\/v2\/pages\/375","targetHints":{"allow":["GET"]}}],"collection":[{"href":"https:\/\/abbayedesmacons.netmanage-dev.ch\/index.php?rest_route=\/wp\/v2\/pages"}],"about":[{"href":"https:\/\/abbayedesmacons.netmanage-dev.ch\/index.php?rest_route=\/wp\/v2\/types\/page"}],"author":[{"embeddable":true,"href":"https:\/\/abbayedesmacons.netmanage-dev.ch\/index.php?rest_route=\/wp\/v2\/users\/2"}],"replies":[{"embeddable":true,"href":"https:\/\/abbayedesmacons.netmanage-dev.ch\/index.php?rest_route=%2Fwp%2Fv2%2Fcomments&post=375"}],"version-history":[{"count":22,"href":"https:\/\/abbayedesmacons.netmanage-dev.ch\/index.php?rest_route=\/wp\/v2\/pages\/375\/revisions"}],"predecessor-version":[{"id":493,"href":"https:\/\/abbayedesmacons.netmanage-dev.ch\/index.php?rest_route=\/wp\/v2\/pages\/375\/revisions\/493"}],"wp:attachment":[{"href":"https:\/\/abbayedesmacons.netmanage-dev.ch\/index.php?rest_route=%2Fwp%2Fv2%2Fmedia&parent=375"}],"curies":[{"name":"wp","href":"https:\/\/api.w.org\/{rel}","templated":true}]}}