{"id":61,"date":"2025-02-05T09:44:41","date_gmt":"2025-02-05T09:44:41","guid":{"rendered":"https:\/\/abi.t3st.ch\/?page_id=61"},"modified":"2026-02-18T15:18:20","modified_gmt":"2026-02-18T15:18:20","slug":"page-daccueil","status":"publish","type":"page","link":"http:\/\/abbayedesmacons.netmanage-dev.ch\/","title":{"rendered":"Page d&rsquo;accueil"},"content":{"rendered":"\t\t<div data-elementor-type=\"wp-page\" data-elementor-id=\"61\" class=\"elementor elementor-61\" data-elementor-post-type=\"page\">\n\t\t\t\t<div class=\"elementor-element elementor-element-6fe2b83c e-flex e-con-boxed e-con e-parent\" data-id=\"6fe2b83c\" data-element_type=\"container\" data-e-type=\"container\" data-settings=\"{&quot;background_background&quot;:&quot;classic&quot;}\">\n\t\t\t\t\t<div class=\"e-con-inner\">\n\t\t\t\t<div class=\"elementor-element elementor-element-4214c25e elementor-widget elementor-widget-spacer\" data-id=\"4214c25e\" data-element_type=\"widget\" data-e-type=\"widget\" data-widget_type=\"spacer.default\">\n\t\t\t\t<div class=\"elementor-widget-container\">\n\t\t\t\t\t\t\t<div class=\"elementor-spacer\">\n\t\t\t<div class=\"elementor-spacer-inner\"><\/div>\n\t\t<\/div>\n\t\t\t\t\t\t<\/div>\n\t\t\t\t<\/div>\n\t\t\t\t<div class=\"elementor-element elementor-element-ef1948d elementor-widget elementor-widget-image\" data-id=\"ef1948d\" data-element_type=\"widget\" data-e-type=\"widget\" data-widget_type=\"image.default\">\n\t\t\t\t<div class=\"elementor-widget-container\">\n\t\t\t\t\t\t\t\t\t\t\t\t\t\t\t<img fetchpriority=\"high\" decoding=\"async\" width=\"999\" height=\"775\" src=\"https:\/\/abbayedesmacons.netmanage-dev.ch\/wp-content\/uploads\/2025\/02\/Abbaye_des_Macons_60_noir.png\" class=\"attachment-full size-full wp-image-265\" alt=\"\" srcset=\"https:\/\/abbayedesmacons.netmanage-dev.ch\/wp-content\/uploads\/2025\/02\/Abbaye_des_Macons_60_noir.png 999w, https:\/\/abbayedesmacons.netmanage-dev.ch\/wp-content\/uploads\/2025\/02\/Abbaye_des_Macons_60_noir-300x233.png 300w, https:\/\/abbayedesmacons.netmanage-dev.ch\/wp-content\/uploads\/2025\/02\/Abbaye_des_Macons_60_noir-768x596.png 768w\" sizes=\"(max-width: 999px) 100vw, 999px\" \/>\t\t\t\t\t\t\t\t\t\t\t\t\t\t\t<\/div>\n\t\t\t\t<\/div>\n\t\t\t\t\t<\/div>\n\t\t\t\t<\/div>\n\t\t<div class=\"elementor-element elementor-element-711488e8 e-flex e-con-boxed e-con e-parent\" data-id=\"711488e8\" data-element_type=\"container\" data-e-type=\"container\" data-settings=\"{&quot;background_background&quot;:&quot;classic&quot;}\">\n\t\t\t\t\t<div class=\"e-con-inner\">\n\t\t<div class=\"elementor-element elementor-element-73bf9bb e-con-full e-flex e-con e-child\" data-id=\"73bf9bb\" data-element_type=\"container\" data-e-type=\"container\" data-settings=\"{&quot;background_background&quot;:&quot;classic&quot;}\">\n\t\t<div class=\"elementor-element elementor-element-0ad012f e-con-full e-flex e-con e-child\" data-id=\"0ad012f\" data-element_type=\"container\" data-e-type=\"container\">\n\t\t\t\t<div class=\"elementor-element elementor-element-a07f4f6 elementor-widget__width-initial elementor-widget elementor-widget-image\" data-id=\"a07f4f6\" data-element_type=\"widget\" data-e-type=\"widget\" data-widget_type=\"image.default\">\n\t\t\t\t<div class=\"elementor-widget-container\">\n\t\t\t\t\t\t\t\t\t\t\t\t\t\t\t<img decoding=\"async\" width=\"1792\" height=\"2560\" src=\"https:\/\/abbayedesmacons.netmanage-dev.ch\/wp-content\/uploads\/2025\/11\/Visite_pont_poya_2013-58-scaled.jpeg\" class=\"attachment-full size-full wp-image-361\" alt=\"\" srcset=\"https:\/\/abbayedesmacons.netmanage-dev.ch\/wp-content\/uploads\/2025\/11\/Visite_pont_poya_2013-58-scaled.jpeg 1792w, https:\/\/abbayedesmacons.netmanage-dev.ch\/wp-content\/uploads\/2025\/11\/Visite_pont_poya_2013-58-210x300.jpeg 210w, https:\/\/abbayedesmacons.netmanage-dev.ch\/wp-content\/uploads\/2025\/11\/Visite_pont_poya_2013-58-717x1024.jpeg 717w, https:\/\/abbayedesmacons.netmanage-dev.ch\/wp-content\/uploads\/2025\/11\/Visite_pont_poya_2013-58-768x1097.jpeg 768w, https:\/\/abbayedesmacons.netmanage-dev.ch\/wp-content\/uploads\/2025\/11\/Visite_pont_poya_2013-58-1075x1536.jpeg 1075w, https:\/\/abbayedesmacons.netmanage-dev.ch\/wp-content\/uploads\/2025\/11\/Visite_pont_poya_2013-58-1434x2048.jpeg 1434w\" sizes=\"(max-width: 1792px) 100vw, 1792px\" \/>\t\t\t\t\t\t\t\t\t\t\t\t\t\t\t<\/div>\n\t\t\t\t<\/div>\n\t\t\t\t<\/div>\n\t\t<div class=\"elementor-element elementor-element-f87507a e-con-full e-flex e-con e-child\" data-id=\"f87507a\" data-element_type=\"container\" data-e-type=\"container\">\n\t\t\t\t<div class=\"elementor-element elementor-element-d04b8fa elementor-widget elementor-widget-heading\" data-id=\"d04b8fa\" data-element_type=\"widget\" data-e-type=\"widget\" data-widget_type=\"heading.default\">\n\t\t\t\t<div class=\"elementor-widget-container\">\n\t\t\t\t\t<h2 class=\"elementor-heading-title elementor-size-default\">Depuis 1370<\/h2>\t\t\t\t<\/div>\n\t\t\t\t<\/div>\n\t\t\t\t<div class=\"elementor-element elementor-element-1e14a3e4 elementor-widget elementor-widget-heading\" data-id=\"1e14a3e4\" data-element_type=\"widget\" data-e-type=\"widget\" data-widget_type=\"heading.default\">\n\t\t\t\t<div class=\"elementor-widget-container\">\n\t\t\t\t\t<h2 class=\"elementor-heading-title elementor-size-default\">Confr\u00e9rie St-Th\u00e9odule<\/h2>\t\t\t\t<\/div>\n\t\t\t\t<\/div>\n\t\t\t\t<div class=\"elementor-element elementor-element-caf1a0b elementor-widget-divider--view-line elementor-widget elementor-widget-divider\" data-id=\"caf1a0b\" data-element_type=\"widget\" data-e-type=\"widget\" data-widget_type=\"divider.default\">\n\t\t\t\t<div class=\"elementor-widget-container\">\n\t\t\t\t\t\t\t<div class=\"elementor-divider\">\n\t\t\t<span class=\"elementor-divider-separator\">\n\t\t\t\t\t\t<\/span>\n\t\t<\/div>\n\t\t\t\t\t\t<\/div>\n\t\t\t\t<\/div>\n\t\t\t\t<div class=\"elementor-element elementor-element-6eddbcd1 elementor-invisible elementor-widget elementor-widget-text-editor\" data-id=\"6eddbcd1\" data-element_type=\"widget\" data-e-type=\"widget\" data-settings=\"{&quot;_animation&quot;:&quot;fadeIn&quot;,&quot;_animation_delay&quot;:200}\" data-widget_type=\"text-editor.default\">\n\t\t\t\t<div class=\"elementor-widget-container\">\n\t\t\t\t\t\t\t\t\t<p>L\u2019Abbaye des Ma\u00e7ons, fond\u00e9e en 1370, est la plus ancienne corporation du canton de Fribourg.<\/p><p>Evoluant \u00e0 travers les si\u00e8cles, ses membres forment une corporation qui regroupe en son sein les principaux acteurs de la construction fribourgeoise.<\/p>\t\t\t\t\t\t\t\t<\/div>\n\t\t\t\t<\/div>\n\t\t\t\t<\/div>\n\t\t\t\t<\/div>\n\t\t\t\t\t<\/div>\n\t\t\t\t<\/div>\n\t\t<div class=\"elementor-element elementor-element-358324d4 e-flex e-con-boxed e-con e-parent\" data-id=\"358324d4\" data-element_type=\"container\" data-e-type=\"container\">\n\t\t\t\t\t<div class=\"e-con-inner\">\n\t\t<div class=\"elementor-element elementor-element-727c9cf8 e-flex e-con-boxed e-con e-child\" data-id=\"727c9cf8\" data-element_type=\"container\" data-e-type=\"container\">\n\t\t\t\t\t<div class=\"e-con-inner\">\n\t\t\t\t<div class=\"elementor-element elementor-element-63842052 elementor-widget elementor-widget-spacer\" data-id=\"63842052\" data-element_type=\"widget\" data-e-type=\"widget\" data-widget_type=\"spacer.default\">\n\t\t\t\t<div class=\"elementor-widget-container\">\n\t\t\t\t\t\t\t<div class=\"elementor-spacer\">\n\t\t\t<div class=\"elementor-spacer-inner\"><\/div>\n\t\t<\/div>\n\t\t\t\t\t\t<\/div>\n\t\t\t\t<\/div>\n\t\t<div class=\"elementor-element elementor-element-70114b4 e-con-full e-flex e-con e-child\" data-id=\"70114b4\" data-element_type=\"container\" data-e-type=\"container\">\n\t\t<div class=\"elementor-element elementor-element-019d72d e-con-full e-flex e-con e-child\" data-id=\"019d72d\" data-element_type=\"container\" data-e-type=\"container\">\n\t\t\t\t<div class=\"elementor-element elementor-element-4dd8e00 elementor-view-default elementor-position-block-start elementor-mobile-position-block-start elementor-widget elementor-widget-icon-box\" data-id=\"4dd8e00\" data-element_type=\"widget\" data-e-type=\"widget\" data-widget_type=\"icon-box.default\">\n\t\t\t\t<div class=\"elementor-widget-container\">\n\t\t\t\t\t\t\t<div class=\"elementor-icon-box-wrapper\">\n\n\t\t\t\t\t\t<div class=\"elementor-icon-box-icon\">\n\t\t\t\t<span  class=\"elementor-icon\">\n\t\t\t\t<svg xmlns=\"http:\/\/www.w3.org\/2000\/svg\" id=\"Calque_1\" data-name=\"Calque 1\" viewBox=\"0 0 538.5 538.5\"><defs><style>      .cls-1 {        stroke-width: 11.34px;      }      .cls-1, .cls-2 {        stroke: #d58660;      }      .cls-1, .cls-2, .cls-3 {        fill: none;        stroke-linejoin: round;      }      .cls-2, .cls-3 {        stroke-width: 9.59px;      }      .cls-4 {        fill: #d58660;      }      .cls-3 {        stroke: #526d83;        stroke-linecap: round;      }    <\/style><\/defs><g><g><polygon class=\"cls-4\" points=\"260.23 420.83 260.23 335.66 175.05 335.66 260.23 420.83\"><\/polygon><polyline class=\"cls-2\" points=\"362.78 145.12 362.78 117.66 146.47 117.66 146.47 393.38 230.53 393.38\"><\/polyline><polygon class=\"cls-2\" points=\"175.05 145.12 175.05 335.66 260.23 420.83 391.36 420.83 391.36 145.12 175.05 145.12\"><\/polygon><line class=\"cls-3\" x1=\"200.83\" y1=\"186.03\" x2=\"365.58\" y2=\"186.03\"><\/line><line class=\"cls-3\" x1=\"200.83\" y1=\"219.86\" x2=\"365.58\" y2=\"219.86\"><\/line><line class=\"cls-3\" x1=\"200.83\" y1=\"253.69\" x2=\"365.58\" y2=\"253.69\"><\/line><line class=\"cls-3\" x1=\"200.83\" y1=\"287.52\" x2=\"365.58\" y2=\"287.52\"><\/line><line class=\"cls-3\" x1=\"289.93\" y1=\"353.25\" x2=\"365.58\" y2=\"353.25\"><\/line><line class=\"cls-3\" x1=\"289.93\" y1=\"387.08\" x2=\"365.58\" y2=\"387.08\"><\/line><\/g><line class=\"cls-4\" x1=\"175.05\" y1=\"335.66\" x2=\"260.23\" y2=\"420.83\"><\/line><\/g><circle class=\"cls-1\" cx=\"269.25\" cy=\"269.25\" r=\"242.06\"><\/circle><path class=\"cls-4\" d=\"M382.86,153.63v258.7h-119.11l-80.2-80.2v-178.51h199.3M391.36,145.12h-216.31v190.53l85.18,85.18h131.13V145.12h0Z\"><\/path><\/svg>\t\t\t\t<\/span>\n\t\t\t<\/div>\n\t\t\t\n\t\t\t\t\t\t<div class=\"elementor-icon-box-content\">\n\n\t\t\t\t\t\t\t\t\t<h3 class=\"elementor-icon-box-title\">\n\t\t\t\t\t\t<span  >\n\t\t\t\t\t\t\tHistorique\t\t\t\t\t\t<\/span>\n\t\t\t\t\t<\/h3>\n\t\t\t\t\n\t\t\t\t\t\t\t\t\t<p class=\"elementor-icon-box-description\">\n\t\t\t\t\t\tCorporation active depuis le XIV\u1d49 si\u00e8cle, d\u00e9couvrez les faits marquants qui ont jalonn\u00e9s l\u2019histoire de l\u2019Abbaye des Ma\u00e7ons.\t\t\t\t\t<\/p>\n\t\t\t\t\n\t\t\t<\/div>\n\t\t\t\n\t\t<\/div>\n\t\t\t\t\t\t<\/div>\n\t\t\t\t<\/div>\n\t\t\t\t<\/div>\n\t\t<div class=\"elementor-element elementor-element-964bc3b e-con-full e-flex e-con e-child\" data-id=\"964bc3b\" data-element_type=\"container\" data-e-type=\"container\">\n\t\t\t\t<div class=\"elementor-element elementor-element-fa9c78a elementor-view-default elementor-position-block-start elementor-mobile-position-block-start elementor-widget elementor-widget-icon-box\" data-id=\"fa9c78a\" data-element_type=\"widget\" data-e-type=\"widget\" data-widget_type=\"icon-box.default\">\n\t\t\t\t<div class=\"elementor-widget-container\">\n\t\t\t\t\t\t\t<div class=\"elementor-icon-box-wrapper\">\n\n\t\t\t\t\t\t<div class=\"elementor-icon-box-icon\">\n\t\t\t\t<span  class=\"elementor-icon\">\n\t\t\t\t<svg xmlns=\"http:\/\/www.w3.org\/2000\/svg\" id=\"Calque_1\" data-name=\"Calque 1\" viewBox=\"0 0 538.5 538.5\"><defs><style>      .cls-1 {        fill: #526d83;      }      .cls-2 {        stroke-width: 11.34px;      }      .cls-2, .cls-3 {        fill: none;        stroke: #d58660;        stroke-linejoin: round;      }      .cls-3 {        stroke-width: 9.3px;      }      .cls-4 {        fill: #d58660;      }    <\/style><\/defs><g><g><path class=\"cls-3\" d=\"M386.43,164.47c-1.46-13.91-13.91-24-27.82-22.54l-206.06,21.61c-13.91,1.46-24,13.91-22.54,27.82l5.99,57.14,256.42-26.89-5.99-57.14Z\"><\/path><path class=\"cls-4\" d=\"M361.28,150.29c8.61,0,15.79,6.48,16.69,15.06l5.1,48.68-239.5,25.11-5.1-48.68c-.97-9.22,5.75-17.51,14.97-18.47l206.06-21.61c.59-.06,1.19-.09,1.78-.09M361.28,141.79c-.88,0-1.77.05-2.67.14l-206.06,21.61c-13.91,1.46-24,13.91-22.54,27.82l5.99,57.14,256.42-26.89-5.99-57.14c-1.36-13.01-12.35-22.68-25.15-22.68h0Z\"><\/path><path class=\"cls-3\" d=\"M136,248.5l15.52,147.97c1.46,13.91,13.91,24,27.82,22.54l206.06-21.61c13.91-1.46,24-13.91,22.54-27.82l-15.52-147.97-256.42,26.89Z\"><\/path><g><path class=\"cls-4\" d=\"M167.15,137.69h0c6.57,0,11.91,5.34,11.91,11.91v39.03c0,6.57-5.34,11.91-11.91,11.91h0c-6.57,0-11.91-5.34-11.91-11.91v-39.03c0-6.57,5.34-11.91,11.91-11.91Z\" transform=\"translate(-16.72 18.35) rotate(-5.99)\"><\/path><path class=\"cls-4\" d=\"M223.31,131.63h0c-6.52.68-11.35,5.98-10.74,11.77l4.35,41.45c.61,5.79,6.44,9.97,12.95,9.29h0c6.52-.68,11.35-5.98,10.74-11.77l-4.35-41.45c-.61-5.79-6.44-9.97-12.95-9.29Z\"><\/path><path class=\"cls-4\" d=\"M282.76,125.4h0c-6.52.68-11.35,5.98-10.74,11.77l4.35,41.45c.61,5.79,6.44,9.97,12.95,9.29h0c6.52-.68,11.35-5.98,10.74-11.77l-4.35-41.45c-.61-5.79-6.44-9.97-12.95-9.29Z\"><\/path><rect class=\"cls-4\" x=\"333.57\" y=\"118.99\" width=\"23.82\" height=\"62.85\" rx=\"11.91\" ry=\"11.91\" transform=\"translate(-13.8 36.85) rotate(-5.99)\"><\/rect><\/g><\/g><g><g><rect class=\"cls-4\" x=\"171.52\" y=\"261.45\" width=\"21.36\" height=\"21.36\" transform=\"translate(-27.38 20.48) rotate(-5.99)\"><\/rect><rect class=\"cls-4\" x=\"214\" y=\"256.99\" width=\"21.36\" height=\"21.36\" transform=\"translate(-26.69 24.89) rotate(-5.99)\"><\/rect><rect class=\"cls-4\" x=\"341.44\" y=\"243.63\" width=\"21.36\" height=\"21.36\" transform=\"translate(-24.6 38.11) rotate(-5.99)\"><\/rect><rect class=\"cls-4\" x=\"298.96\" y=\"248.09\" width=\"21.36\" height=\"21.36\" transform=\"translate(-25.3 33.7) rotate(-5.99)\"><\/rect><rect class=\"cls-4\" x=\"256.48\" y=\"252.54\" width=\"21.36\" height=\"21.36\" transform=\"translate(-25.99 29.29) rotate(-5.99)\"><\/rect><\/g><g><rect class=\"cls-4\" x=\"175.6\" y=\"300.39\" width=\"21.36\" height=\"21.36\" transform=\"translate(-31.42 21.12) rotate(-5.99)\"><\/rect><rect class=\"cls-4\" x=\"218.09\" y=\"295.93\" width=\"21.36\" height=\"21.36\" transform=\"translate(-30.73 25.53) rotate(-5.99)\"><\/rect><rect class=\"cls-4\" x=\"345.53\" y=\"282.57\" width=\"21.36\" height=\"21.36\" transform=\"translate(-28.64 38.74) rotate(-5.99)\"><\/rect><rect class=\"cls-4\" x=\"303.05\" y=\"287.03\" width=\"21.36\" height=\"21.36\" transform=\"translate(-29.33 34.34) rotate(-5.99)\"><\/rect><rect class=\"cls-1\" x=\"260.57\" y=\"291.48\" width=\"21.36\" height=\"21.36\" transform=\"translate(-30.03 29.93) rotate(-5.99)\"><\/rect><\/g><g><rect class=\"cls-4\" x=\"179.69\" y=\"339.33\" width=\"21.36\" height=\"21.36\" transform=\"translate(-35.46 21.76) rotate(-5.99)\"><\/rect><rect class=\"cls-1\" x=\"222.17\" y=\"334.88\" width=\"21.36\" height=\"21.36\" transform=\"translate(-34.77 26.17) rotate(-5.99)\"><\/rect><rect class=\"cls-4\" x=\"349.61\" y=\"321.51\" width=\"21.36\" height=\"21.36\" transform=\"translate(-32.68 39.38) rotate(-5.99)\"><\/rect><rect class=\"cls-4\" x=\"307.13\" y=\"325.97\" width=\"21.36\" height=\"21.36\" transform=\"translate(-33.37 34.98) rotate(-5.99)\"><\/rect><rect class=\"cls-4\" x=\"264.65\" y=\"330.42\" width=\"21.36\" height=\"21.36\" transform=\"translate(-34.07 30.57) rotate(-5.99)\"><\/rect><\/g><g><rect class=\"cls-4\" x=\"183.77\" y=\"378.27\" width=\"21.36\" height=\"21.36\" transform=\"translate(-39.5 22.4) rotate(-5.99)\"><\/rect><rect class=\"cls-4\" x=\"226.25\" y=\"373.82\" width=\"21.36\" height=\"21.36\" transform=\"translate(-38.8 26.8) rotate(-5.99)\"><\/rect><rect class=\"cls-4\" x=\"268.73\" y=\"369.36\" width=\"21.36\" height=\"21.36\" transform=\"translate(-38.11 31.21) rotate(-5.99)\"><\/rect><\/g><\/g><\/g><circle class=\"cls-2\" cx=\"269.25\" cy=\"269.25\" r=\"242.06\"><\/circle><\/svg>\t\t\t\t<\/span>\n\t\t\t<\/div>\n\t\t\t\n\t\t\t\t\t\t<div class=\"elementor-icon-box-content\">\n\n\t\t\t\t\t\t\t\t\t<h3 class=\"elementor-icon-box-title\">\n\t\t\t\t\t\t<span  >\n\t\t\t\t\t\t\tEv\u00e9nements\t\t\t\t\t\t<\/span>\n\t\t\t\t\t<\/h3>\n\t\t\t\t\n\t\t\t\t\t\t\t\t\t<p class=\"elementor-icon-box-description\">\n\t\t\t\t\t\tChaque ann\u00e9e, nous organisons des visites afin de d\u00e9couvrir les ouvrages de notre patrimoine b\u00e2ti ainsi que les nouvelles constructions embl\u00e9matiques de notre r\u00e9gion. D\u00e9couvrez la liste de nos activit\u00e9s pass\u00e9es.\t\t\t\t\t<\/p>\n\t\t\t\t\n\t\t\t<\/div>\n\t\t\t\n\t\t<\/div>\n\t\t\t\t\t\t<\/div>\n\t\t\t\t<\/div>\n\t\t\t\t<\/div>\n\t\t<div class=\"elementor-element elementor-element-a19b10c e-con-full e-flex e-con e-child\" data-id=\"a19b10c\" data-element_type=\"container\" data-e-type=\"container\">\n\t\t\t\t<div class=\"elementor-element elementor-element-45fdd00 elementor-view-default elementor-position-block-start elementor-mobile-position-block-start elementor-widget elementor-widget-icon-box\" data-id=\"45fdd00\" data-element_type=\"widget\" data-e-type=\"widget\" data-widget_type=\"icon-box.default\">\n\t\t\t\t<div class=\"elementor-widget-container\">\n\t\t\t\t\t\t\t<div class=\"elementor-icon-box-wrapper\">\n\n\t\t\t\t\t\t<div class=\"elementor-icon-box-icon\">\n\t\t\t\t<span  class=\"elementor-icon\">\n\t\t\t\t<svg xmlns=\"http:\/\/www.w3.org\/2000\/svg\" id=\"Calque_1\" data-name=\"Calque 1\" viewBox=\"0 0 538.5 538.5\"><defs><style>      .cls-1 {        stroke-width: 10.06px;      }      .cls-1, .cls-2 {        stroke: #d58660;      }      .cls-1, .cls-2, .cls-3 {        fill: none;        stroke-linejoin: round;      }      .cls-2 {        stroke-width: 11.34px;      }      .cls-3 {        stroke: #526d83;        stroke-linecap: round;        stroke-width: 9.59px;      }    <\/style><\/defs><circle class=\"cls-2\" cx=\"269.25\" cy=\"269.25\" r=\"242.06\"><\/circle><g><rect class=\"cls-1\" x=\"249.88\" y=\"158.11\" width=\"99.48\" height=\"51.15\"><\/rect><rect class=\"cls-1\" x=\"249.88\" y=\"158.11\" width=\"99.48\" height=\"51.15\"><\/rect><rect class=\"cls-1\" x=\"299.62\" y=\"209.26\" width=\"99.48\" height=\"51.15\"><\/rect><rect class=\"cls-1\" x=\"200.14\" y=\"209.26\" width=\"99.48\" height=\"51.15\"><\/rect><rect class=\"cls-1\" x=\"200.14\" y=\"260.41\" width=\"99.48\" height=\"51.15\"><\/rect><rect class=\"cls-1\" x=\"299.62\" y=\"260.41\" width=\"99.48\" height=\"51.15\"><\/rect><rect class=\"cls-1\" x=\"100.67\" y=\"260.41\" width=\"99.48\" height=\"51.15\"><\/rect><rect class=\"cls-1\" x=\"249.88\" y=\"311.57\" width=\"99.48\" height=\"51.15\"><\/rect><rect class=\"cls-1\" x=\"249.88\" y=\"311.57\" width=\"99.48\" height=\"51.15\"><\/rect><rect class=\"cls-1\" x=\"349.36\" y=\"311.57\" width=\"49.74\" height=\"51.15\"><\/rect><rect class=\"cls-1\" x=\"349.36\" y=\"158.11\" width=\"49.74\" height=\"51.15\"><\/rect><rect class=\"cls-1\" x=\"150.41\" y=\"311.57\" width=\"99.48\" height=\"51.15\"><\/rect><\/g><line class=\"cls-3\" x1=\"82.16\" y1=\"363.09\" x2=\"461.15\" y2=\"363.09\"><\/line><\/svg>\t\t\t\t<\/span>\n\t\t\t<\/div>\n\t\t\t\n\t\t\t\t\t\t<div class=\"elementor-icon-box-content\">\n\n\t\t\t\t\t\t\t\t\t<h3 class=\"elementor-icon-box-title\">\n\t\t\t\t\t\t<span  >\n\t\t\t\t\t\t\tFondation Perroulaz\t\t\t\t\t\t<\/span>\n\t\t\t\t\t<\/h3>\n\t\t\t\t\n\t\t\t\t\t\t\t\t\t<p class=\"elementor-icon-box-description\">\n\t\t\t\t\t\tInstitution \u00e0 but sociale, la fondation Perroulaz soutient la formation des jeunes dans le canton de Fribourg. D\u00e9couvrez-en plus sur cette \u0153uvre caritative cr\u00e9\u00e9e en 1874 sur l\u2019initiative du chanoine Etienne Perroulaz.\t\t\t\t\t<\/p>\n\t\t\t\t\n\t\t\t<\/div>\n\t\t\t\n\t\t<\/div>\n\t\t\t\t\t\t<\/div>\n\t\t\t\t<\/div>\n\t\t\t\t<\/div>\n\t\t\t\t<\/div>\n\t\t<div class=\"elementor-element elementor-element-0eaa17a e-con-full e-flex e-con e-child\" data-id=\"0eaa17a\" data-element_type=\"container\" data-e-type=\"container\">\n\t\t<div class=\"elementor-element elementor-element-a65926b e-con-full e-flex e-con e-child\" data-id=\"a65926b\" data-element_type=\"container\" data-e-type=\"container\">\n\t\t\t\t<div class=\"elementor-element elementor-element-ab78836 elementor-align-center elementor-widget elementor-widget-button\" data-id=\"ab78836\" data-element_type=\"widget\" data-e-type=\"widget\" data-widget_type=\"button.default\">\n\t\t\t\t<div class=\"elementor-widget-container\">\n\t\t\t\t\t\t\t\t\t<div class=\"elementor-button-wrapper\">\n\t\t\t\t\t<a class=\"elementor-button elementor-button-link elementor-size-sm\" href=\"http:\/\/abbayedesmacons.netmanage-dev.ch\/?page_id=55\">\n\t\t\t\t\t\t<span class=\"elementor-button-content-wrapper\">\n\t\t\t\t\t\t\t\t\t<span class=\"elementor-button-text\">Cliquez ici<\/span>\n\t\t\t\t\t<\/span>\n\t\t\t\t\t<\/a>\n\t\t\t\t<\/div>\n\t\t\t\t\t\t\t\t<\/div>\n\t\t\t\t<\/div>\n\t\t\t\t<\/div>\n\t\t<div class=\"elementor-element elementor-element-5bfc969 e-con-full e-flex e-con e-child\" data-id=\"5bfc969\" data-element_type=\"container\" data-e-type=\"container\">\n\t\t\t\t<div class=\"elementor-element elementor-element-3626871 elementor-align-center elementor-widget elementor-widget-button\" data-id=\"3626871\" data-element_type=\"widget\" data-e-type=\"widget\" data-widget_type=\"button.default\">\n\t\t\t\t<div class=\"elementor-widget-container\">\n\t\t\t\t\t\t\t\t\t<div class=\"elementor-button-wrapper\">\n\t\t\t\t\t<a class=\"elementor-button elementor-button-link elementor-size-sm\" href=\"http:\/\/abbayedesmacons.netmanage-dev.ch\/?page_id=452\">\n\t\t\t\t\t\t<span class=\"elementor-button-content-wrapper\">\n\t\t\t\t\t\t\t\t\t<span class=\"elementor-button-text\">Cliquez ici<\/span>\n\t\t\t\t\t<\/span>\n\t\t\t\t\t<\/a>\n\t\t\t\t<\/div>\n\t\t\t\t\t\t\t\t<\/div>\n\t\t\t\t<\/div>\n\t\t\t\t<\/div>\n\t\t<div class=\"elementor-element elementor-element-cb64443 e-con-full e-flex e-con e-child\" data-id=\"cb64443\" data-element_type=\"container\" data-e-type=\"container\">\n\t\t\t\t<div class=\"elementor-element elementor-element-c2bdba0 elementor-align-center elementor-widget elementor-widget-button\" data-id=\"c2bdba0\" data-element_type=\"widget\" data-e-type=\"widget\" data-widget_type=\"button.default\">\n\t\t\t\t<div class=\"elementor-widget-container\">\n\t\t\t\t\t\t\t\t\t<div class=\"elementor-button-wrapper\">\n\t\t\t\t\t<a class=\"elementor-button elementor-button-link elementor-size-sm\" href=\"http:\/\/abbayedesmacons.netmanage-dev.ch\/?page_id=375\">\n\t\t\t\t\t\t<span class=\"elementor-button-content-wrapper\">\n\t\t\t\t\t\t\t\t\t<span class=\"elementor-button-text\">Cliquez ici<\/span>\n\t\t\t\t\t<\/span>\n\t\t\t\t\t<\/a>\n\t\t\t\t<\/div>\n\t\t\t\t\t\t\t\t<\/div>\n\t\t\t\t<\/div>\n\t\t\t\t<\/div>\n\t\t\t\t<\/div>\n\t\t\t\t<div class=\"elementor-element elementor-element-6fd00b64 elementor-widget elementor-widget-spacer\" data-id=\"6fd00b64\" data-element_type=\"widget\" data-e-type=\"widget\" data-widget_type=\"spacer.default\">\n\t\t\t\t<div class=\"elementor-widget-container\">\n\t\t\t\t\t\t\t<div class=\"elementor-spacer\">\n\t\t\t<div class=\"elementor-spacer-inner\"><\/div>\n\t\t<\/div>\n\t\t\t\t\t\t<\/div>\n\t\t\t\t<\/div>\n\t\t\t\t\t<\/div>\n\t\t\t\t<\/div>\n\t\t\t\t\t<\/div>\n\t\t\t\t<\/div>\n\t\t<div class=\"elementor-element elementor-element-643d4194 e-con-full e-flex e-con e-parent\" data-id=\"643d4194\" data-element_type=\"container\" data-e-type=\"container\" data-settings=\"{&quot;background_background&quot;:&quot;classic&quot;,&quot;background_motion_fx_motion_fx_scrolling&quot;:&quot;yes&quot;,&quot;background_motion_fx_opacity_effect&quot;:&quot;yes&quot;,&quot;background_motion_fx_opacity_direction&quot;:&quot;out-in&quot;,&quot;background_motion_fx_opacity_level&quot;:{&quot;unit&quot;:&quot;px&quot;,&quot;size&quot;:10,&quot;sizes&quot;:[]},&quot;background_motion_fx_opacity_range&quot;:{&quot;unit&quot;:&quot;%&quot;,&quot;size&quot;:&quot;&quot;,&quot;sizes&quot;:{&quot;start&quot;:20,&quot;end&quot;:80}},&quot;background_motion_fx_devices&quot;:[&quot;desktop&quot;,&quot;tablet&quot;,&quot;mobile&quot;]}\">\n\t\t\t\t<div class=\"elementor-element elementor-element-c5906ba elementor-widget elementor-widget-spacer\" data-id=\"c5906ba\" data-element_type=\"widget\" data-e-type=\"widget\" data-widget_type=\"spacer.default\">\n\t\t\t\t<div class=\"elementor-widget-container\">\n\t\t\t\t\t\t\t<div class=\"elementor-spacer\">\n\t\t\t<div class=\"elementor-spacer-inner\"><\/div>\n\t\t<\/div>\n\t\t\t\t\t\t<\/div>\n\t\t\t\t<\/div>\n\t\t\t\t<div class=\"elementor-element elementor-element-bea236a elementor-blockquote--skin-quotation elementor-blockquote--align-center elementor-widget elementor-widget-blockquote\" data-id=\"bea236a\" data-element_type=\"widget\" data-e-type=\"widget\" data-widget_type=\"blockquote.default\">\n\t\t\t\t<div class=\"elementor-widget-container\">\n\t\t\t\t\t\t\t<blockquote class=\"elementor-blockquote\">\n\t\t\t<p class=\"elementor-blockquote__content\">\n\t\t\t\tB\u00e2tisseur, nous \u00e9rigeons les ponts qui nous rassemblent.\t\t\t<\/p>\n\t\t\t\t\t<\/blockquote>\n\t\t\t\t\t\t<\/div>\n\t\t\t\t<\/div>\n\t\t\t\t<div class=\"elementor-element elementor-element-9e1f790 elementor-widget elementor-widget-spacer\" data-id=\"9e1f790\" data-element_type=\"widget\" data-e-type=\"widget\" data-widget_type=\"spacer.default\">\n\t\t\t\t<div class=\"elementor-widget-container\">\n\t\t\t\t\t\t\t<div class=\"elementor-spacer\">\n\t\t\t<div class=\"elementor-spacer-inner\"><\/div>\n\t\t<\/div>\n\t\t\t\t\t\t<\/div>\n\t\t\t\t<\/div>\n\t\t\t\t<\/div>\n\t\t\t\t<\/div>\n\t\t","protected":false},"excerpt":{"rendered":"<p>Depuis 1370 Confr\u00e9rie St-Th\u00e9odule L\u2019Abbaye des Ma\u00e7ons, fond\u00e9e en 1370, est la plus ancienne corporation du canton de Fribourg. Evoluant \u00e0 travers les si\u00e8cles, ses membres forment une corporation qui regroupe en son sein les principaux acteurs de la construction fribourgeoise. Historique Corporation active depuis le XIV\u1d49 si\u00e8cle, d\u00e9couvrez les faits marquants qui ont jalonn\u00e9s [&hellip;]<\/p>\n","protected":false},"author":2,"featured_media":0,"parent":0,"menu_order":0,"comment_status":"closed","ping_status":"closed","template":"","meta":{"footnotes":""},"class_list":["post-61","page","type-page","status-publish","hentry"],"_links":{"self":[{"href":"https:\/\/abbayedesmacons.netmanage-dev.ch\/index.php?rest_route=\/wp\/v2\/pages\/61","targetHints":{"allow":["GET"]}}],"collection":[{"href":"https:\/\/abbayedesmacons.netmanage-dev.ch\/index.php?rest_route=\/wp\/v2\/pages"}],"about":[{"href":"https:\/\/abbayedesmacons.netmanage-dev.ch\/index.php?rest_route=\/wp\/v2\/types\/page"}],"author":[{"embeddable":true,"href":"https:\/\/abbayedesmacons.netmanage-dev.ch\/index.php?rest_route=\/wp\/v2\/users\/2"}],"replies":[{"embeddable":true,"href":"https:\/\/abbayedesmacons.netmanage-dev.ch\/index.php?rest_route=%2Fwp%2Fv2%2Fcomments&post=61"}],"version-history":[{"count":100,"href":"https:\/\/abbayedesmacons.netmanage-dev.ch\/index.php?rest_route=\/wp\/v2\/pages\/61\/revisions"}],"predecessor-version":[{"id":623,"href":"https:\/\/abbayedesmacons.netmanage-dev.ch\/index.php?rest_route=\/wp\/v2\/pages\/61\/revisions\/623"}],"wp:attachment":[{"href":"https:\/\/abbayedesmacons.netmanage-dev.ch\/index.php?rest_route=%2Fwp%2Fv2%2Fmedia&parent=61"}],"curies":[{"name":"wp","href":"https:\/\/api.w.org\/{rel}","templated":true}]}}